{"id":129,"date":"2023-07-09T10:01:49","date_gmt":"2023-07-09T08:01:49","guid":{"rendered":"http:\/\/mesbaionnettes.com\/?page_id=129"},"modified":"2026-01-06T11:51:15","modified_gmt":"2026-01-06T10:51:15","slug":"baionnetttes","status":"publish","type":"page","link":"https:\/\/mesbaionnettes.com\/","title":{"rendered":"Ba\u00efonnettes"},"content":{"rendered":"\n<p class=\"has-text-align-center has-medium-font-size\">Je suis ravi de partager avec vous ma passion pour les ba\u00efonnettes. je vous pr\u00e9sente ici les ba\u00efonnettes de ma collection. <strong>(Il ne s&rsquo;agit pas d&rsquo;un site de vente en ligne)<\/strong><\/p>\n\n\n\n<p class=\"has-text-align-center has-medium-font-size\">Vous trouverez principalement des ba\u00efonnettes <a href=\"https:\/\/mesbaionnettes.com\/index.php\/bayonet\/#:~:text=Toggle%20website%20search-,Ba%C3%AFonnettes%20Allemandes,-%3E\" target=\"_blank\" rel=\"noreferrer noopener\">Allemandes<\/a>, <a href=\"https:\/\/mesbaionnettes.com\/index.php\/baionnettes-italiennes\/\" target=\"_blank\" rel=\"noreferrer noopener\">Italiennes<\/a>, <a href=\"https:\/\/mesbaionnettes.com\/index.php\/baionnettes-francaises\/\" target=\"_blank\" rel=\"noreferrer noopener\">Fran\u00e7aises<\/a> et d&rsquo;<a href=\"https:\/\/mesbaionnettes.com\/index.php\/autres-pays\/\" target=\"_blank\" rel=\"noreferrer noopener\">Autres pays<\/a>, mais \u00e9galement des informations sur les <a href=\"https:\/\/mesbaionnettes.com\/index.php\/marquages\/#:~:text=Toggle%20website%20search-,Marquages,-%3E\" target=\"_blank\" rel=\"noreferrer noopener\">marquages<\/a> r\u00e9gimentaires et de fabricants, Allemands et Italiens ainsi que des informations sur les <a href=\"https:\/\/mesbaionnettes.com\/index.php\/references-bibliographiques\/#:~:text=Toggle%20website%20search-,R%C3%A9f%C3%A9rences%20Bibliographiques,-%3E\" target=\"_blank\" rel=\"noreferrer noopener\">ouvrages essentiels<\/a>.<\/p>\n\n\n\n<p class=\"has-text-align-center has-medium-font-size\">Bonne visite !<\/p>\n\n\n\n<div class=\"wp-block-cover\" style=\"min-height:693px;aspect-ratio:unset;\"><img loading=\"lazy\" decoding=\"async\" width=\"1608\" height=\"2560\" class=\"wp-block-cover__image-background wp-image-242\" alt=\"Ba\u00efonnette, Bajonett, Bayonet, baionetta, german bayonet, ersatz bayonet, baIonnette allemande, \" src=\"https:\/\/mesbaionnettes.com\/wp-content\/uploads\/2023\/07\/IMG_0467-scaled.jpg\" data-object-fit=\"cover\" srcset=\"https:\/\/mesbaionnettes.com\/wp-content\/uploads\/2023\/07\/IMG_0467-scaled.jpg 1608w, https:\/\/mesbaionnettes.com\/wp-content\/uploads\/2023\/07\/IMG_0467-188x300.jpg 188w, https:\/\/mesbaionnettes.com\/wp-content\/uploads\/2023\/07\/IMG_0467-643x1024.jpg 643w, https:\/\/mesbaionnettes.com\/wp-content\/uploads\/2023\/07\/IMG_0467-768x1223.jpg 768w, https:\/\/mesbaionnettes.com\/wp-content\/uploads\/2023\/07\/IMG_0467-965x1536.jpg 965w, https:\/\/mesbaionnettes.com\/wp-content\/uploads\/2023\/07\/IMG_0467-1286x2048.jpg 1286w\" sizes=\"auto, (max-width: 1608px) 100vw, 1608px\" \/><span aria-hidden=\"true\" class=\"wp-block-cover__background has-background-dim\"><\/span><div class=\"wp-block-cover__inner-container is-layout-flow wp-block-cover-is-layout-flow\">\n<p class=\"has-text-align-center has-large-font-size\"><\/p>\n<\/div><\/div>\n\n\n\n<p class=\"has-text-align-center has-small-font-size\">Tous les textes de ce site sont librement adapt\u00e9s des ouvrages indispensables cit\u00e9s page <a href=\"https:\/\/mesbaionnettes.com\/index.php\/references-bibliographiques\/\">r\u00e9f\u00e9rences bibliographique<\/a>s , que je vous recommande vivement de vous <a href=\"https:\/\/www.editionsdubrevail.com\/\" target=\"_blank\" rel=\"noreferrer noopener\">procurer<\/a> !<\/p>\n\n\n\n<p class=\"has-text-align-center has-very-light-gray-to-cyan-bluish-gray-gradient-background has-background has-medium-font-size\"><strong><a href=\"https:\/\/mesbaionnettes.com\/index.php\/nouveautes\/\" target=\"_blank\" rel=\"noreferrer noopener\">NOUVEAUTES !<\/a><\/strong><\/p>\n\n\n\n<p class=\"has-text-align-center has-black-color has-very-light-gray-to-cyan-bluish-gray-gradient-background has-text-color has-background has-link-color wp-elements-bde1d69c0605b253869a5d3b403535f9\"><strong>Nouvelle page <a href=\"https:\/\/mesbaionnettes.com\/index.php\/marquages-regimentaires-allemands\/#:~:text=Toggle%20website%20search-,Marquages%20r%C3%A9gimentaires%20Allemands,-%3E\" target=\"_blank\" rel=\"noreferrer noopener\">Marquages r\u00e9gimentaires Allemands<\/a><\/strong><\/p>\n\n\n\n<p class=\"has-text-align-center has-vivid-cyan-blue-to-vivid-purple-gradient-background has-background\"><strong>Nouvelle page <a href=\"https:\/\/mesbaionnettes.com\/index.php\/marquages-allemands\/#:~:text=Toggle%20website%20search-,Mod%C3%A8les%20par%20Fabricants%20Imp%C3%A9riaux%20Allemands,-%3E\">Mod\u00e8les par fabricant imp\u00e9riaux Allemands<\/a><\/strong><\/p>\n\n\n\n<p class=\"has-text-align-center has-cyan-bluish-gray-background-color has-background has-medium-font-size\"><strong>NOUVEAU  : <a href=\"https:\/\/mesbaionnettes.com\/?page_id=4988#:~:text=Toggle%20website%20search-,Ba%C3%AFonnettes%20par%20pays%20et%20par%20mod%C3%A8le,-%3E\">RECHERCHE PAR PAYS ET PAR MODELE<\/a><\/strong><\/p>\n\n\n\n<p><\/p>\n","protected":false},"excerpt":{"rendered":"<p>Je suis ravi de partager avec vous ma passion pour les ba\u00efonnettes. je vous pr\u00e9sente ici les ba\u00efonnettes de ma collection. (Il ne s&rsquo;agit pas d&rsquo;un site de vente en ligne) Vous trouverez principalement des ba\u00efonnettes Allemandes, Italiennes, Fran\u00e7aises et d&rsquo;Autres pays, mais \u00e9galement des informations sur les marquages r\u00e9gimentaires et de fabricants, Allemands et [&hellip;]<\/p>\n","protected":false},"author":1,"featured_media":0,"parent":0,"menu_order":0,"comment_status":"closed","ping_status":"closed","template":"","meta":{"iawp_total_views":6203,"footnotes":""},"class_list":["post-129","page","type-page","status-publish","hentry","entry"],"yoast_head":"<!-- This site is optimized with the Yoast SEO plugin v27.3 - https:\/\/yoast.com\/product\/yoast-seo-wordpress\/ -->\n<title>Ba\u00efonnettes Bayonet<\/title>\n<meta name=\"description\" content=\"Ce site pr\u00e9sente des ba\u00efonnettes essentiellement allemandes et italiennes. this website is mainly dedicated German and Italian Bayonets\" \/>\n<meta name=\"robots\" content=\"index, follow, max-snippet:-1, max-image-preview:large, max-video-preview:-1\" \/>\n<link rel=\"canonical\" href=\"https:\/\/mesbaionnettes.com\/\" \/>\n<meta property=\"og:locale\" content=\"fr_FR\" \/>\n<meta property=\"og:type\" content=\"article\" \/>\n<meta property=\"og:title\" content=\"MES BAIONNETTES mes baionnettes ce site pr\u00e9sente une collection de Ba\u00efonnettes allemandes, italiennes et d&#039;autres pays baionnettes allemandes ce site pr\u00e9sente une collection de Ba\u00efonnettes allemandes, italiennes et d&#039;autres pays german bayonet ce site pr\u00e9sente une collection de Ba\u00efonnettes allemandes, italiennes et d&#039;autres pays ba\u00efonnettes ersatz ce site pr\u00e9sente une collection de Ba\u00efonnettes allemandes, italiennes et d&#039;autres pays ERastz bayonet ce site pr\u00e9sente une collection de Ba\u00efonnettes allemandes, italiennes et d&#039;autres pays ba\u00efonnettes italiennes ce site pr\u00e9sente une collection de Ba\u00efonnettes allemandes, italiennes et d&#039;autres pays italian bayonet ce site pr\u00e9sente une collection de Ba\u00efonnettes allemandes, italiennes et d&#039;autres pays ba\u00efonnette K98 ce site pr\u00e9sente une collection de Ba\u00efonnettes allemandes, italiennes et d&#039;autres pays K98 bayonet ce site pr\u00e9sente une collection de Ba\u00efonnettes allemandes, italiennes et d&#039;autres pays imperial german bayonet\" \/>\n<meta property=\"og:description\" content=\"Ce site pr\u00e9sente des ba\u00efonnettes essentiellement allemandes et italiennes. Ba\u00efonnettes allemandes, Ba\u00efonnettes ersatz Allemandes, Ba\u00efonnettes K98. German Bayonet, German ersatz Bayonet, German K98 bayonet, Imperial baypnet, Italian Bayonet\" \/>\n<meta property=\"og:url\" content=\"https:\/\/mesbaionnettes.com\/\" \/>\n<meta property=\"og:site_name\" content=\"MES BAIONNETTES\" \/>\n<meta property=\"article:publisher\" content=\"https:\/\/www.facebook.com\/profile.php?id=100079080680290\" \/>\n<meta property=\"article:modified_time\" content=\"2026-01-06T10:51:15+00:00\" \/>\n<meta property=\"og:image\" content=\"http:\/\/mesbaionnettes.com\/wp-content\/uploads\/2023\/07\/IMG_0467-scaled.jpg\" \/>\n<meta name=\"twitter:card\" content=\"summary_large_image\" \/>\n<meta name=\"twitter:label1\" content=\"Dur\u00e9e de lecture estim\u00e9e\" \/>\n\t<meta name=\"twitter:data1\" content=\"1 minute\" \/>\n<script type=\"application\/ld+json\" class=\"yoast-schema-graph\">{\"@context\":\"https:\\\/\\\/schema.org\",\"@graph\":[{\"@type\":\"WebPage\",\"@id\":\"https:\\\/\\\/mesbaionnettes.com\\\/\",\"url\":\"https:\\\/\\\/mesbaionnettes.com\\\/\",\"name\":\"Ba\u00efonnettes Bayonet\",\"isPartOf\":{\"@id\":\"https:\\\/\\\/mesbaionnettes.com\\\/#website\"},\"primaryImageOfPage\":{\"@id\":\"https:\\\/\\\/mesbaionnettes.com\\\/#primaryimage\"},\"image\":{\"@id\":\"https:\\\/\\\/mesbaionnettes.com\\\/#primaryimage\"},\"thumbnailUrl\":\"http:\\\/\\\/mesbaionnettes.com\\\/wp-content\\\/uploads\\\/2023\\\/07\\\/IMG_0467-scaled.jpg\",\"datePublished\":\"2023-07-09T08:01:49+00:00\",\"dateModified\":\"2026-01-06T10:51:15+00:00\",\"description\":\"Ce site pr\u00e9sente des ba\u00efonnettes essentiellement allemandes et italiennes. this website is mainly dedicated German and Italian Bayonets\",\"breadcrumb\":{\"@id\":\"https:\\\/\\\/mesbaionnettes.com\\\/#breadcrumb\"},\"inLanguage\":\"fr-FR\",\"potentialAction\":[{\"@type\":\"ReadAction\",\"target\":[\"https:\\\/\\\/mesbaionnettes.com\\\/\"]}]},{\"@type\":\"ImageObject\",\"inLanguage\":\"fr-FR\",\"@id\":\"https:\\\/\\\/mesbaionnettes.com\\\/#primaryimage\",\"url\":\"http:\\\/\\\/mesbaionnettes.com\\\/wp-content\\\/uploads\\\/2023\\\/07\\\/IMG_0467-scaled.jpg\",\"contentUrl\":\"http:\\\/\\\/mesbaionnettes.com\\\/wp-content\\\/uploads\\\/2023\\\/07\\\/IMG_0467-scaled.jpg\"},{\"@type\":\"BreadcrumbList\",\"@id\":\"https:\\\/\\\/mesbaionnettes.com\\\/#breadcrumb\",\"itemListElement\":[{\"@type\":\"ListItem\",\"position\":1,\"name\":\"Accueil\",\"item\":\"https:\\\/\\\/mesbaionnettes.com\\\/\"},{\"@type\":\"ListItem\",\"position\":2,\"name\":\"bayonet\"}]},{\"@type\":\"WebSite\",\"@id\":\"https:\\\/\\\/mesbaionnettes.com\\\/#website\",\"url\":\"https:\\\/\\\/mesbaionnettes.com\\\/\",\"name\":\"MES BAIONNETTES\",\"description\":\"ce site pr\u00e9sente une collection de Ba\u00efonnettes allemandes, italiennes et d&#039;autres pays\",\"publisher\":{\"@id\":\"https:\\\/\\\/mesbaionnettes.com\\\/#organization\"},\"alternateName\":\"Ba\u00efonnettes Allemandes, italiennes et d'autrs pays\",\"potentialAction\":[{\"@type\":\"SearchAction\",\"target\":{\"@type\":\"EntryPoint\",\"urlTemplate\":\"https:\\\/\\\/mesbaionnettes.com\\\/?s={search_term_string}\"},\"query-input\":{\"@type\":\"PropertyValueSpecification\",\"valueRequired\":true,\"valueName\":\"search_term_string\"}}],\"inLanguage\":\"fr-FR\"},{\"@type\":\"Organization\",\"@id\":\"https:\\\/\\\/mesbaionnettes.com\\\/#organization\",\"name\":\"Ba\u00efonnettes Allemandes, italiennes, fran\u00e7aises et autres pays\",\"alternateName\":\"Ba\u00efonnette\",\"url\":\"https:\\\/\\\/mesbaionnettes.com\\\/\",\"logo\":{\"@type\":\"ImageObject\",\"inLanguage\":\"fr-FR\",\"@id\":\"https:\\\/\\\/mesbaionnettes.com\\\/#\\\/schema\\\/logo\\\/image\\\/\",\"url\":\"https:\\\/\\\/mesbaionnettes.com\\\/wp-content\\\/uploads\\\/2024\\\/02\\\/DSCF6696-scaled.jpg\",\"contentUrl\":\"https:\\\/\\\/mesbaionnettes.com\\\/wp-content\\\/uploads\\\/2024\\\/02\\\/DSCF6696-scaled.jpg\",\"width\":2560,\"height\":1250,\"caption\":\"Ba\u00efonnettes Allemandes, italiennes, fran\u00e7aises et autres pays\"},\"image\":{\"@id\":\"https:\\\/\\\/mesbaionnettes.com\\\/#\\\/schema\\\/logo\\\/image\\\/\"},\"sameAs\":[\"https:\\\/\\\/www.facebook.com\\\/profile.php?id=100079080680290\"]}]}<\/script>\n<!-- \/ Yoast SEO plugin. -->","yoast_head_json":{"title":"Ba\u00efonnettes Bayonet","description":"Ce site pr\u00e9sente des ba\u00efonnettes essentiellement allemandes et italiennes. this website is mainly dedicated German and Italian Bayonets","robots":{"index":"index","follow":"follow","max-snippet":"max-snippet:-1","max-image-preview":"max-image-preview:large","max-video-preview":"max-video-preview:-1"},"canonical":"https:\/\/mesbaionnettes.com\/","og_locale":"fr_FR","og_type":"article","og_title":"MES BAIONNETTES mes baionnettes ce site pr\u00e9sente une collection de Ba\u00efonnettes allemandes, italiennes et d&#039;autres pays baionnettes allemandes ce site pr\u00e9sente une collection de Ba\u00efonnettes allemandes, italiennes et d&#039;autres pays german bayonet ce site pr\u00e9sente une collection de Ba\u00efonnettes allemandes, italiennes et d&#039;autres pays ba\u00efonnettes ersatz ce site pr\u00e9sente une collection de Ba\u00efonnettes allemandes, italiennes et d&#039;autres pays ERastz bayonet ce site pr\u00e9sente une collection de Ba\u00efonnettes allemandes, italiennes et d&#039;autres pays ba\u00efonnettes italiennes ce site pr\u00e9sente une collection de Ba\u00efonnettes allemandes, italiennes et d&#039;autres pays italian bayonet ce site pr\u00e9sente une collection de Ba\u00efonnettes allemandes, italiennes et d&#039;autres pays ba\u00efonnette K98 ce site pr\u00e9sente une collection de Ba\u00efonnettes allemandes, italiennes et d&#039;autres pays K98 bayonet ce site pr\u00e9sente une collection de Ba\u00efonnettes allemandes, italiennes et d&#039;autres pays imperial german bayonet","og_description":"Ce site pr\u00e9sente des ba\u00efonnettes essentiellement allemandes et italiennes. Ba\u00efonnettes allemandes, Ba\u00efonnettes ersatz Allemandes, Ba\u00efonnettes K98. German Bayonet, German ersatz Bayonet, German K98 bayonet, Imperial baypnet, Italian Bayonet","og_url":"https:\/\/mesbaionnettes.com\/","og_site_name":"MES BAIONNETTES","article_publisher":"https:\/\/www.facebook.com\/profile.php?id=100079080680290","article_modified_time":"2026-01-06T10:51:15+00:00","og_image":[{"url":"http:\/\/mesbaionnettes.com\/wp-content\/uploads\/2023\/07\/IMG_0467-scaled.jpg","type":"","width":"","height":""}],"twitter_card":"summary_large_image","twitter_misc":{"Dur\u00e9e de lecture estim\u00e9e":"1 minute"},"schema":{"@context":"https:\/\/schema.org","@graph":[{"@type":"WebPage","@id":"https:\/\/mesbaionnettes.com\/","url":"https:\/\/mesbaionnettes.com\/","name":"Ba\u00efonnettes Bayonet","isPartOf":{"@id":"https:\/\/mesbaionnettes.com\/#website"},"primaryImageOfPage":{"@id":"https:\/\/mesbaionnettes.com\/#primaryimage"},"image":{"@id":"https:\/\/mesbaionnettes.com\/#primaryimage"},"thumbnailUrl":"http:\/\/mesbaionnettes.com\/wp-content\/uploads\/2023\/07\/IMG_0467-scaled.jpg","datePublished":"2023-07-09T08:01:49+00:00","dateModified":"2026-01-06T10:51:15+00:00","description":"Ce site pr\u00e9sente des ba\u00efonnettes essentiellement allemandes et italiennes. this website is mainly dedicated German and Italian Bayonets","breadcrumb":{"@id":"https:\/\/mesbaionnettes.com\/#breadcrumb"},"inLanguage":"fr-FR","potentialAction":[{"@type":"ReadAction","target":["https:\/\/mesbaionnettes.com\/"]}]},{"@type":"ImageObject","inLanguage":"fr-FR","@id":"https:\/\/mesbaionnettes.com\/#primaryimage","url":"http:\/\/mesbaionnettes.com\/wp-content\/uploads\/2023\/07\/IMG_0467-scaled.jpg","contentUrl":"http:\/\/mesbaionnettes.com\/wp-content\/uploads\/2023\/07\/IMG_0467-scaled.jpg"},{"@type":"BreadcrumbList","@id":"https:\/\/mesbaionnettes.com\/#breadcrumb","itemListElement":[{"@type":"ListItem","position":1,"name":"Accueil","item":"https:\/\/mesbaionnettes.com\/"},{"@type":"ListItem","position":2,"name":"bayonet"}]},{"@type":"WebSite","@id":"https:\/\/mesbaionnettes.com\/#website","url":"https:\/\/mesbaionnettes.com\/","name":"MES BAIONNETTES","description":"ce site pr\u00e9sente une collection de Ba\u00efonnettes allemandes, italiennes et d&#039;autres pays","publisher":{"@id":"https:\/\/mesbaionnettes.com\/#organization"},"alternateName":"Ba\u00efonnettes Allemandes, italiennes et d'autrs pays","potentialAction":[{"@type":"SearchAction","target":{"@type":"EntryPoint","urlTemplate":"https:\/\/mesbaionnettes.com\/?s={search_term_string}"},"query-input":{"@type":"PropertyValueSpecification","valueRequired":true,"valueName":"search_term_string"}}],"inLanguage":"fr-FR"},{"@type":"Organization","@id":"https:\/\/mesbaionnettes.com\/#organization","name":"Ba\u00efonnettes Allemandes, italiennes, fran\u00e7aises et autres pays","alternateName":"Ba\u00efonnette","url":"https:\/\/mesbaionnettes.com\/","logo":{"@type":"ImageObject","inLanguage":"fr-FR","@id":"https:\/\/mesbaionnettes.com\/#\/schema\/logo\/image\/","url":"https:\/\/mesbaionnettes.com\/wp-content\/uploads\/2024\/02\/DSCF6696-scaled.jpg","contentUrl":"https:\/\/mesbaionnettes.com\/wp-content\/uploads\/2024\/02\/DSCF6696-scaled.jpg","width":2560,"height":1250,"caption":"Ba\u00efonnettes Allemandes, italiennes, fran\u00e7aises et autres pays"},"image":{"@id":"https:\/\/mesbaionnettes.com\/#\/schema\/logo\/image\/"},"sameAs":["https:\/\/www.facebook.com\/profile.php?id=100079080680290"]}]}},"_links":{"self":[{"href":"https:\/\/mesbaionnettes.com\/index.php\/wp-json\/wp\/v2\/pages\/129","targetHints":{"allow":["GET"]}}],"collection":[{"href":"https:\/\/mesbaionnettes.com\/index.php\/wp-json\/wp\/v2\/pages"}],"about":[{"href":"https:\/\/mesbaionnettes.com\/index.php\/wp-json\/wp\/v2\/types\/page"}],"author":[{"embeddable":true,"href":"https:\/\/mesbaionnettes.com\/index.php\/wp-json\/wp\/v2\/users\/1"}],"replies":[{"embeddable":true,"href":"https:\/\/mesbaionnettes.com\/index.php\/wp-json\/wp\/v2\/comments?post=129"}],"version-history":[{"count":50,"href":"https:\/\/mesbaionnettes.com\/index.php\/wp-json\/wp\/v2\/pages\/129\/revisions"}],"predecessor-version":[{"id":7596,"href":"https:\/\/mesbaionnettes.com\/index.php\/wp-json\/wp\/v2\/pages\/129\/revisions\/7596"}],"wp:attachment":[{"href":"https:\/\/mesbaionnettes.com\/index.php\/wp-json\/wp\/v2\/media?parent=129"}],"curies":[{"name":"wp","href":"https:\/\/api.w.org\/{rel}","templated":true}]}}