{"id":158,"date":"2023-07-09T10:12:55","date_gmt":"2023-07-09T08:12:55","guid":{"rendered":"http:\/\/mesbaionnettes.com\/?page_id=158"},"modified":"2025-06-24T07:47:46","modified_gmt":"2025-06-24T05:47:46","slug":"bayonet-german-bayonet","status":"publish","type":"page","link":"https:\/\/mesbaionnettes.com\/index.php\/bayonet-german-bayonet\/","title":{"rendered":"Ba\u00efonnettes Allemandes"},"content":{"rendered":"\n<p>Je vous pr\u00e9sente l&rsquo;ensemble des ba\u00efonnettes allemandes de ma collection. Elles sont regroup\u00e9es en diff\u00e9rentes pages :<\/p>\n\n\n\n<ul class=\"wp-block-list\">\n<li><a href=\"https:\/\/mesbaionnettes.com\/index.php\/baionnettes-allemandes-1800-1898\/\">Les Ba\u00efonnettes Allemandes de 1800 \u00e0 1898<\/a>  <\/li>\n\n\n\n<li><a href=\"https:\/\/mesbaionnettes.com\/index.php\/baionnettes-allemandes-1898-1938\/\">Les ba\u00efonnettes Allemandes de 1898 \u00e0 1938<\/a> <\/li>\n\n\n\n<li><a href=\"https:\/\/mesbaionnettes.com\/index.php\/baionnettes-allemandes-98-05-german-bayonet-98-05-butcher-bayonet\/#:~:text=Toggle%20website%20search-,Ba%C3%AFonnettes%20Allemandes%201898%2D05,-%3E\" target=\"_blank\" rel=\"noreferrer noopener\">Les Ba\u00efonnettes Allemandes 98-05<\/a><\/li>\n\n\n\n<li><a href=\"https:\/\/mesbaionnettes.com\/index.php\/baionnettes-allemandes-ersatz-german-ersatz-bayonet\/#:~:text=Toggle%20website%20search-,Ba%C3%AFonnettes%20Allemandes%20Ersatz,-%3E\" target=\"_blank\" rel=\"noreferrer noopener\">Les Ba\u00efonnettes Allemandes ersatz<\/a><\/li>\n\n\n\n<li><a href=\"https:\/\/mesbaionnettes.com\/index.php\/baionnettes-allemandes-k98\/\">Les ba\u00efonnettes Allemandes K98<\/a> <\/li>\n<\/ul>\n\n\n\n<figure class=\"wp-block-image size-large\"><img loading=\"lazy\" decoding=\"async\" width=\"1024\" height=\"500\" src=\"https:\/\/mesbaionnettes.com\/wp-content\/uploads\/2024\/02\/DSCF6696-1024x500.jpg\" alt=\"\" class=\"wp-image-4211\" srcset=\"https:\/\/mesbaionnettes.com\/wp-content\/uploads\/2024\/02\/DSCF6696-1024x500.jpg 1024w, https:\/\/mesbaionnettes.com\/wp-content\/uploads\/2024\/02\/DSCF6696-300x147.jpg 300w, https:\/\/mesbaionnettes.com\/wp-content\/uploads\/2024\/02\/DSCF6696-768x375.jpg 768w, https:\/\/mesbaionnettes.com\/wp-content\/uploads\/2024\/02\/DSCF6696-1536x750.jpg 1536w, https:\/\/mesbaionnettes.com\/wp-content\/uploads\/2024\/02\/DSCF6696-2048x1000.jpg 2048w\" sizes=\"auto, (max-width: 1024px) 100vw, 1024px\" \/><\/figure>\n","protected":false},"excerpt":{"rendered":"<p>Je vous pr\u00e9sente l&rsquo;ensemble des ba\u00efonnettes allemandes de ma collection. Elles sont regroup\u00e9es en diff\u00e9rentes pages :<\/p>\n","protected":false},"author":1,"featured_media":0,"parent":0,"menu_order":0,"comment_status":"closed","ping_status":"closed","template":"","meta":{"iawp_total_views":1710,"footnotes":""},"class_list":["post-158","page","type-page","status-publish","hentry","entry"],"yoast_head":"<!-- This site is optimized with the Yoast SEO plugin v27.3 - https:\/\/yoast.com\/product\/yoast-seo-wordpress\/ -->\n<title>Ba\u00efonnettes Allemandes, German bayonets<\/title>\n<meta name=\"description\" content=\"Cette page regroupe les liens vers les diff\u00e9rentes pas de ce site relatives \u00e0 des ba\u00efonnettes Allemandes : Ba\u00efonnetttes imp\u00e9riales allemandes, Ba\u00efonnettes Allemandes 98\/05, Ba\u00efonnettes allemandes k98, Ba\u00efonnettes Allemandes ersatz . german imperial bayonet, 98\/05 bayonets, Bayonet K98, ersatz Bayonet\" \/>\n<meta name=\"robots\" content=\"index, follow, max-snippet:-1, max-image-preview:large, max-video-preview:-1\" \/>\n<link rel=\"canonical\" href=\"https:\/\/mesbaionnettes.com\/index.php\/bayonet-german-bayonet\/\" \/>\n<meta property=\"og:locale\" content=\"fr_FR\" \/>\n<meta property=\"og:type\" content=\"article\" \/>\n<meta property=\"og:title\" content=\"Bayonet Bayonet ba\u00efonnettes MES BAIONNETTES mes ba\u00efonnettes Ba\u00efonnettes Allemandes german bayonet ba\u00efonnette ba\u00eeonnettes allemandes german bayonet Ba\u00efonnettes Allemandes ba\u00efonnette Allemandes\" \/>\n<meta property=\"og:description\" content=\"cette page regroupe les liens vers les diff\u00e9rentes pas de ce site relatives \u00e0 des ba\u00efonnettes Allemandes : Ba\u00efonnetttes imperiales allemandes, Ba\u00efonnettes Allemandes 98\/05, Ba\u00efonnettes allemandes k98, Ba\u00efonnettes Allemandes ersatz : german imperial bayonet, 98\/05 bayonets, Bayonet K98, ersatz Bayonet\" \/>\n<meta property=\"og:url\" content=\"https:\/\/mesbaionnettes.com\/index.php\/bayonet-german-bayonet\/\" \/>\n<meta property=\"og:site_name\" content=\"MES BAIONNETTES\" \/>\n<meta property=\"article:publisher\" content=\"https:\/\/www.facebook.com\/profile.php?id=100079080680290\" \/>\n<meta property=\"article:modified_time\" content=\"2025-06-24T05:47:46+00:00\" \/>\n<meta property=\"og:image\" content=\"https:\/\/mesbaionnettes.com\/wp-content\/uploads\/2024\/02\/DSCF6696-scaled.jpg\" \/>\n\t<meta property=\"og:image:width\" content=\"2560\" \/>\n\t<meta property=\"og:image:height\" content=\"1250\" \/>\n\t<meta property=\"og:image:type\" content=\"image\/jpeg\" \/>\n<meta name=\"twitter:card\" content=\"summary_large_image\" \/>\n<meta name=\"twitter:label1\" content=\"Dur\u00e9e de lecture estim\u00e9e\" \/>\n\t<meta name=\"twitter:data1\" content=\"1 minute\" \/>\n<script type=\"application\/ld+json\" class=\"yoast-schema-graph\">{\"@context\":\"https:\\\/\\\/schema.org\",\"@graph\":[{\"@type\":\"WebPage\",\"@id\":\"https:\\\/\\\/mesbaionnettes.com\\\/index.php\\\/bayonet-german-bayonet\\\/\",\"url\":\"https:\\\/\\\/mesbaionnettes.com\\\/index.php\\\/bayonet-german-bayonet\\\/\",\"name\":\"Ba\u00efonnettes Allemandes, German bayonets\",\"isPartOf\":{\"@id\":\"https:\\\/\\\/mesbaionnettes.com\\\/#website\"},\"primaryImageOfPage\":{\"@id\":\"https:\\\/\\\/mesbaionnettes.com\\\/index.php\\\/bayonet-german-bayonet\\\/#primaryimage\"},\"image\":{\"@id\":\"https:\\\/\\\/mesbaionnettes.com\\\/index.php\\\/bayonet-german-bayonet\\\/#primaryimage\"},\"thumbnailUrl\":\"https:\\\/\\\/mesbaionnettes.com\\\/wp-content\\\/uploads\\\/2024\\\/02\\\/DSCF6696-1024x500.jpg\",\"datePublished\":\"2023-07-09T08:12:55+00:00\",\"dateModified\":\"2025-06-24T05:47:46+00:00\",\"description\":\"Cette page regroupe les liens vers les diff\u00e9rentes pas de ce site relatives \u00e0 des ba\u00efonnettes Allemandes : Ba\u00efonnetttes imp\u00e9riales allemandes, Ba\u00efonnettes Allemandes 98\\\/05, Ba\u00efonnettes allemandes k98, Ba\u00efonnettes Allemandes ersatz . german imperial bayonet, 98\\\/05 bayonets, Bayonet K98, ersatz Bayonet\",\"breadcrumb\":{\"@id\":\"https:\\\/\\\/mesbaionnettes.com\\\/index.php\\\/bayonet-german-bayonet\\\/#breadcrumb\"},\"inLanguage\":\"fr-FR\",\"potentialAction\":[{\"@type\":\"ReadAction\",\"target\":[\"https:\\\/\\\/mesbaionnettes.com\\\/index.php\\\/bayonet-german-bayonet\\\/\"]}]},{\"@type\":\"ImageObject\",\"inLanguage\":\"fr-FR\",\"@id\":\"https:\\\/\\\/mesbaionnettes.com\\\/index.php\\\/bayonet-german-bayonet\\\/#primaryimage\",\"url\":\"https:\\\/\\\/mesbaionnettes.com\\\/wp-content\\\/uploads\\\/2024\\\/02\\\/DSCF6696-scaled.jpg\",\"contentUrl\":\"https:\\\/\\\/mesbaionnettes.com\\\/wp-content\\\/uploads\\\/2024\\\/02\\\/DSCF6696-scaled.jpg\",\"width\":2560,\"height\":1250,\"caption\":\"ba\u00efonnettes Allemandes 98\\\/05\"},{\"@type\":\"BreadcrumbList\",\"@id\":\"https:\\\/\\\/mesbaionnettes.com\\\/index.php\\\/bayonet-german-bayonet\\\/#breadcrumb\",\"itemListElement\":[{\"@type\":\"ListItem\",\"position\":1,\"name\":\"Accueil\",\"item\":\"https:\\\/\\\/mesbaionnettes.com\\\/\"},{\"@type\":\"ListItem\",\"position\":2,\"name\":\"ba\u00efonnette\"}]},{\"@type\":\"WebSite\",\"@id\":\"https:\\\/\\\/mesbaionnettes.com\\\/#website\",\"url\":\"https:\\\/\\\/mesbaionnettes.com\\\/\",\"name\":\"MES BAIONNETTES\",\"description\":\"ce site pr\u00e9sente une collection de Ba\u00efonnettes allemandes, italiennes et d&#039;autres pays\",\"publisher\":{\"@id\":\"https:\\\/\\\/mesbaionnettes.com\\\/#organization\"},\"alternateName\":\"Ba\u00efonnettes Allemandes, italiennes et d'autrs pays\",\"potentialAction\":[{\"@type\":\"SearchAction\",\"target\":{\"@type\":\"EntryPoint\",\"urlTemplate\":\"https:\\\/\\\/mesbaionnettes.com\\\/?s={search_term_string}\"},\"query-input\":{\"@type\":\"PropertyValueSpecification\",\"valueRequired\":true,\"valueName\":\"search_term_string\"}}],\"inLanguage\":\"fr-FR\"},{\"@type\":\"Organization\",\"@id\":\"https:\\\/\\\/mesbaionnettes.com\\\/#organization\",\"name\":\"Ba\u00efonnettes Allemandes, italiennes, fran\u00e7aises et autres pays\",\"alternateName\":\"Ba\u00efonnette\",\"url\":\"https:\\\/\\\/mesbaionnettes.com\\\/\",\"logo\":{\"@type\":\"ImageObject\",\"inLanguage\":\"fr-FR\",\"@id\":\"https:\\\/\\\/mesbaionnettes.com\\\/#\\\/schema\\\/logo\\\/image\\\/\",\"url\":\"https:\\\/\\\/mesbaionnettes.com\\\/wp-content\\\/uploads\\\/2024\\\/02\\\/DSCF6696-scaled.jpg\",\"contentUrl\":\"https:\\\/\\\/mesbaionnettes.com\\\/wp-content\\\/uploads\\\/2024\\\/02\\\/DSCF6696-scaled.jpg\",\"width\":2560,\"height\":1250,\"caption\":\"Ba\u00efonnettes Allemandes, italiennes, fran\u00e7aises et autres pays\"},\"image\":{\"@id\":\"https:\\\/\\\/mesbaionnettes.com\\\/#\\\/schema\\\/logo\\\/image\\\/\"},\"sameAs\":[\"https:\\\/\\\/www.facebook.com\\\/profile.php?id=100079080680290\"]}]}<\/script>\n<!-- \/ Yoast SEO plugin. -->","yoast_head_json":{"title":"Ba\u00efonnettes Allemandes, German bayonets","description":"Cette page regroupe les liens vers les diff\u00e9rentes pas de ce site relatives \u00e0 des ba\u00efonnettes Allemandes : Ba\u00efonnetttes imp\u00e9riales allemandes, Ba\u00efonnettes Allemandes 98\/05, Ba\u00efonnettes allemandes k98, Ba\u00efonnettes Allemandes ersatz . german imperial bayonet, 98\/05 bayonets, Bayonet K98, ersatz Bayonet","robots":{"index":"index","follow":"follow","max-snippet":"max-snippet:-1","max-image-preview":"max-image-preview:large","max-video-preview":"max-video-preview:-1"},"canonical":"https:\/\/mesbaionnettes.com\/index.php\/bayonet-german-bayonet\/","og_locale":"fr_FR","og_type":"article","og_title":"Bayonet Bayonet ba\u00efonnettes MES BAIONNETTES mes ba\u00efonnettes Ba\u00efonnettes Allemandes german bayonet ba\u00efonnette ba\u00eeonnettes allemandes german bayonet Ba\u00efonnettes Allemandes ba\u00efonnette Allemandes","og_description":"cette page regroupe les liens vers les diff\u00e9rentes pas de ce site relatives \u00e0 des ba\u00efonnettes Allemandes : Ba\u00efonnetttes imperiales allemandes, Ba\u00efonnettes Allemandes 98\/05, Ba\u00efonnettes allemandes k98, Ba\u00efonnettes Allemandes ersatz : german imperial bayonet, 98\/05 bayonets, Bayonet K98, ersatz Bayonet","og_url":"https:\/\/mesbaionnettes.com\/index.php\/bayonet-german-bayonet\/","og_site_name":"MES BAIONNETTES","article_publisher":"https:\/\/www.facebook.com\/profile.php?id=100079080680290","article_modified_time":"2025-06-24T05:47:46+00:00","og_image":[{"width":2560,"height":1250,"url":"https:\/\/mesbaionnettes.com\/wp-content\/uploads\/2024\/02\/DSCF6696-scaled.jpg","type":"image\/jpeg"}],"twitter_card":"summary_large_image","twitter_misc":{"Dur\u00e9e de lecture estim\u00e9e":"1 minute"},"schema":{"@context":"https:\/\/schema.org","@graph":[{"@type":"WebPage","@id":"https:\/\/mesbaionnettes.com\/index.php\/bayonet-german-bayonet\/","url":"https:\/\/mesbaionnettes.com\/index.php\/bayonet-german-bayonet\/","name":"Ba\u00efonnettes Allemandes, German bayonets","isPartOf":{"@id":"https:\/\/mesbaionnettes.com\/#website"},"primaryImageOfPage":{"@id":"https:\/\/mesbaionnettes.com\/index.php\/bayonet-german-bayonet\/#primaryimage"},"image":{"@id":"https:\/\/mesbaionnettes.com\/index.php\/bayonet-german-bayonet\/#primaryimage"},"thumbnailUrl":"https:\/\/mesbaionnettes.com\/wp-content\/uploads\/2024\/02\/DSCF6696-1024x500.jpg","datePublished":"2023-07-09T08:12:55+00:00","dateModified":"2025-06-24T05:47:46+00:00","description":"Cette page regroupe les liens vers les diff\u00e9rentes pas de ce site relatives \u00e0 des ba\u00efonnettes Allemandes : Ba\u00efonnetttes imp\u00e9riales allemandes, Ba\u00efonnettes Allemandes 98\/05, Ba\u00efonnettes allemandes k98, Ba\u00efonnettes Allemandes ersatz . german imperial bayonet, 98\/05 bayonets, Bayonet K98, ersatz Bayonet","breadcrumb":{"@id":"https:\/\/mesbaionnettes.com\/index.php\/bayonet-german-bayonet\/#breadcrumb"},"inLanguage":"fr-FR","potentialAction":[{"@type":"ReadAction","target":["https:\/\/mesbaionnettes.com\/index.php\/bayonet-german-bayonet\/"]}]},{"@type":"ImageObject","inLanguage":"fr-FR","@id":"https:\/\/mesbaionnettes.com\/index.php\/bayonet-german-bayonet\/#primaryimage","url":"https:\/\/mesbaionnettes.com\/wp-content\/uploads\/2024\/02\/DSCF6696-scaled.jpg","contentUrl":"https:\/\/mesbaionnettes.com\/wp-content\/uploads\/2024\/02\/DSCF6696-scaled.jpg","width":2560,"height":1250,"caption":"ba\u00efonnettes Allemandes 98\/05"},{"@type":"BreadcrumbList","@id":"https:\/\/mesbaionnettes.com\/index.php\/bayonet-german-bayonet\/#breadcrumb","itemListElement":[{"@type":"ListItem","position":1,"name":"Accueil","item":"https:\/\/mesbaionnettes.com\/"},{"@type":"ListItem","position":2,"name":"ba\u00efonnette"}]},{"@type":"WebSite","@id":"https:\/\/mesbaionnettes.com\/#website","url":"https:\/\/mesbaionnettes.com\/","name":"MES BAIONNETTES","description":"ce site pr\u00e9sente une collection de Ba\u00efonnettes allemandes, italiennes et d&#039;autres pays","publisher":{"@id":"https:\/\/mesbaionnettes.com\/#organization"},"alternateName":"Ba\u00efonnettes Allemandes, italiennes et d'autrs pays","potentialAction":[{"@type":"SearchAction","target":{"@type":"EntryPoint","urlTemplate":"https:\/\/mesbaionnettes.com\/?s={search_term_string}"},"query-input":{"@type":"PropertyValueSpecification","valueRequired":true,"valueName":"search_term_string"}}],"inLanguage":"fr-FR"},{"@type":"Organization","@id":"https:\/\/mesbaionnettes.com\/#organization","name":"Ba\u00efonnettes Allemandes, italiennes, fran\u00e7aises et autres pays","alternateName":"Ba\u00efonnette","url":"https:\/\/mesbaionnettes.com\/","logo":{"@type":"ImageObject","inLanguage":"fr-FR","@id":"https:\/\/mesbaionnettes.com\/#\/schema\/logo\/image\/","url":"https:\/\/mesbaionnettes.com\/wp-content\/uploads\/2024\/02\/DSCF6696-scaled.jpg","contentUrl":"https:\/\/mesbaionnettes.com\/wp-content\/uploads\/2024\/02\/DSCF6696-scaled.jpg","width":2560,"height":1250,"caption":"Ba\u00efonnettes Allemandes, italiennes, fran\u00e7aises et autres pays"},"image":{"@id":"https:\/\/mesbaionnettes.com\/#\/schema\/logo\/image\/"},"sameAs":["https:\/\/www.facebook.com\/profile.php?id=100079080680290"]}]}},"_links":{"self":[{"href":"https:\/\/mesbaionnettes.com\/index.php\/wp-json\/wp\/v2\/pages\/158","targetHints":{"allow":["GET"]}}],"collection":[{"href":"https:\/\/mesbaionnettes.com\/index.php\/wp-json\/wp\/v2\/pages"}],"about":[{"href":"https:\/\/mesbaionnettes.com\/index.php\/wp-json\/wp\/v2\/types\/page"}],"author":[{"embeddable":true,"href":"https:\/\/mesbaionnettes.com\/index.php\/wp-json\/wp\/v2\/users\/1"}],"replies":[{"embeddable":true,"href":"https:\/\/mesbaionnettes.com\/index.php\/wp-json\/wp\/v2\/comments?post=158"}],"version-history":[{"count":10,"href":"https:\/\/mesbaionnettes.com\/index.php\/wp-json\/wp\/v2\/pages\/158\/revisions"}],"predecessor-version":[{"id":6358,"href":"https:\/\/mesbaionnettes.com\/index.php\/wp-json\/wp\/v2\/pages\/158\/revisions\/6358"}],"wp:attachment":[{"href":"https:\/\/mesbaionnettes.com\/index.php\/wp-json\/wp\/v2\/media?parent=158"}],"curies":[{"name":"wp","href":"https:\/\/api.w.org\/{rel}","templated":true}]}}