{"id":4652,"date":"2024-06-23T03:35:42","date_gmt":"2024-06-23T01:35:42","guid":{"rendered":"https:\/\/mesbaionnettes.com\/?page_id=4652"},"modified":"2025-04-16T10:15:47","modified_gmt":"2025-04-16T08:15:47","slug":"les-fabricants-des-baionnettes-84-98-3e-type-k98","status":"publish","type":"page","link":"https:\/\/mesbaionnettes.com\/index.php\/les-fabricants-des-baionnettes-84-98-3e-type-k98\/","title":{"rendered":"Les fabricants des ba\u00efonnettes 84\/98 IIIe type (K98)"},"content":{"rendered":"\n<h1 class=\"wp-block-heading has-text-align-center has-large-font-size\" style=\"text-decoration:underline\">Les fabricants des ba\u00efonnettes 84\/98 IIIe type (K98)<\/h1>\n\n\n\n<figure class=\"wp-block-image size-full is-resized\"><img loading=\"lazy\" decoding=\"async\" width=\"1896\" height=\"2560\" src=\"https:\/\/mesbaionnettes.com\/wp-content\/uploads\/2024\/06\/CCI23062024_0002-1-scaled.jpg\" alt=\"\" class=\"wp-image-4674\" style=\"width:995px;height:auto\" srcset=\"https:\/\/mesbaionnettes.com\/wp-content\/uploads\/2024\/06\/CCI23062024_0002-1-scaled.jpg 1896w, https:\/\/mesbaionnettes.com\/wp-content\/uploads\/2024\/06\/CCI23062024_0002-1-222x300.jpg 222w, https:\/\/mesbaionnettes.com\/wp-content\/uploads\/2024\/06\/CCI23062024_0002-1-758x1024.jpg 758w, https:\/\/mesbaionnettes.com\/wp-content\/uploads\/2024\/06\/CCI23062024_0002-1-768x1037.jpg 768w, https:\/\/mesbaionnettes.com\/wp-content\/uploads\/2024\/06\/CCI23062024_0002-1-1137x1536.jpg 1137w, https:\/\/mesbaionnettes.com\/wp-content\/uploads\/2024\/06\/CCI23062024_0002-1-1517x2048.jpg 1517w\" sizes=\"auto, (max-width: 1896px) 100vw, 1896px\" \/><\/figure>\n\n\n\n<figure class=\"wp-block-image size-full is-resized\"><img loading=\"lazy\" decoding=\"async\" width=\"1880\" height=\"2560\" src=\"https:\/\/mesbaionnettes.com\/wp-content\/uploads\/2024\/06\/CCI23062024_0003-scaled.jpg\" alt=\"\" class=\"wp-image-4676\" style=\"width:999px;height:auto\" srcset=\"https:\/\/mesbaionnettes.com\/wp-content\/uploads\/2024\/06\/CCI23062024_0003-scaled.jpg 1880w, https:\/\/mesbaionnettes.com\/wp-content\/uploads\/2024\/06\/CCI23062024_0003-220x300.jpg 220w, https:\/\/mesbaionnettes.com\/wp-content\/uploads\/2024\/06\/CCI23062024_0003-752x1024.jpg 752w, https:\/\/mesbaionnettes.com\/wp-content\/uploads\/2024\/06\/CCI23062024_0003-768x1046.jpg 768w, https:\/\/mesbaionnettes.com\/wp-content\/uploads\/2024\/06\/CCI23062024_0003-1128x1536.jpg 1128w, https:\/\/mesbaionnettes.com\/wp-content\/uploads\/2024\/06\/CCI23062024_0003-1504x2048.jpg 1504w\" sizes=\"auto, (max-width: 1880px) 100vw, 1880px\" \/><\/figure>\n\n\n\n<figure class=\"wp-block-image size-large is-resized\"><img loading=\"lazy\" decoding=\"async\" width=\"713\" height=\"1024\" src=\"https:\/\/mesbaionnettes.com\/wp-content\/uploads\/2024\/06\/CCI23062024_0004-713x1024.jpg\" alt=\"\" class=\"wp-image-4677\" style=\"width:1000px;height:auto\" srcset=\"https:\/\/mesbaionnettes.com\/wp-content\/uploads\/2024\/06\/CCI23062024_0004-713x1024.jpg 713w, https:\/\/mesbaionnettes.com\/wp-content\/uploads\/2024\/06\/CCI23062024_0004-209x300.jpg 209w, https:\/\/mesbaionnettes.com\/wp-content\/uploads\/2024\/06\/CCI23062024_0004-768x1103.jpg 768w, https:\/\/mesbaionnettes.com\/wp-content\/uploads\/2024\/06\/CCI23062024_0004-1070x1536.jpg 1070w, https:\/\/mesbaionnettes.com\/wp-content\/uploads\/2024\/06\/CCI23062024_0004-1426x2048.jpg 1426w, https:\/\/mesbaionnettes.com\/wp-content\/uploads\/2024\/06\/CCI23062024_0004-scaled.jpg 1783w\" sizes=\"auto, (max-width: 713px) 100vw, 713px\" \/><\/figure>\n\n\n\n<figure class=\"wp-block-image size-large is-resized\"><img loading=\"lazy\" decoding=\"async\" width=\"1024\" height=\"459\" src=\"https:\/\/mesbaionnettes.com\/wp-content\/uploads\/2024\/06\/CCI23062024_0005-1024x459.jpg\" alt=\"\" class=\"wp-image-4678\" style=\"width:998px;height:auto\" srcset=\"https:\/\/mesbaionnettes.com\/wp-content\/uploads\/2024\/06\/CCI23062024_0005-1024x459.jpg 1024w, https:\/\/mesbaionnettes.com\/wp-content\/uploads\/2024\/06\/CCI23062024_0005-300x135.jpg 300w, https:\/\/mesbaionnettes.com\/wp-content\/uploads\/2024\/06\/CCI23062024_0005-768x345.jpg 768w, https:\/\/mesbaionnettes.com\/wp-content\/uploads\/2024\/06\/CCI23062024_0005-1536x689.jpg 1536w, https:\/\/mesbaionnettes.com\/wp-content\/uploads\/2024\/06\/CCI23062024_0005-2048x919.jpg 2048w\" sizes=\"auto, (max-width: 1024px) 100vw, 1024px\" \/><\/figure>\n\n\n\n<figure class=\"wp-block-image size-full\"><img loading=\"lazy\" decoding=\"async\" width=\"842\" height=\"797\" src=\"https:\/\/mesbaionnettes.com\/wp-content\/uploads\/2023\/07\/k98-1-1.jpg\" alt=\"\" class=\"wp-image-972\" srcset=\"https:\/\/mesbaionnettes.com\/wp-content\/uploads\/2023\/07\/k98-1-1.jpg 842w, https:\/\/mesbaionnettes.com\/wp-content\/uploads\/2023\/07\/k98-1-1-300x284.jpg 300w, https:\/\/mesbaionnettes.com\/wp-content\/uploads\/2023\/07\/k98-1-1-768x727.jpg 768w\" sizes=\"auto, (max-width: 842px) 100vw, 842px\" \/><\/figure>\n\n\n\n<figure class=\"wp-block-image size-full is-resized\"><img loading=\"lazy\" decoding=\"async\" width=\"860\" height=\"657\" src=\"https:\/\/mesbaionnettes.com\/wp-content\/uploads\/2023\/07\/k98-2.jpg\" alt=\"\" class=\"wp-image-973\" style=\"width:851px;height:auto\" srcset=\"https:\/\/mesbaionnettes.com\/wp-content\/uploads\/2023\/07\/k98-2.jpg 860w, https:\/\/mesbaionnettes.com\/wp-content\/uploads\/2023\/07\/k98-2-300x229.jpg 300w, https:\/\/mesbaionnettes.com\/wp-content\/uploads\/2023\/07\/k98-2-768x587.jpg 768w\" sizes=\"auto, (max-width: 860px) 100vw, 860px\" \/><\/figure>\n","protected":false},"excerpt":{"rendered":"<p>Les fabricants des ba\u00efonnettes 84\/98 IIIe type (K98)<\/p>\n","protected":false},"author":1,"featured_media":0,"parent":0,"menu_order":0,"comment_status":"closed","ping_status":"closed","template":"","meta":{"iawp_total_views":56,"footnotes":""},"class_list":["post-4652","page","type-page","status-publish","hentry","entry"],"yoast_head":"<!-- This site is optimized with the Yoast SEO plugin v27.5 - https:\/\/yoast.com\/product\/yoast-seo-wordpress\/ -->\n<title>liste des-fabricants-des-baionnettes-84-98-3e-type-k98<\/title>\n<meta name=\"description\" content=\"page d\u00e9di\u00e9e aux fabricants (nom et diff\u00e9rents codes au cours du temps) des ba\u00efonnettes 84\/98 3\u00e8me type ou K98 de 1934 \u00e0 1945\" \/>\n<meta name=\"robots\" content=\"index, follow, max-snippet:-1, max-image-preview:large, max-video-preview:-1\" \/>\n<link rel=\"canonical\" href=\"https:\/\/mesbaionnettes.com\/index.php\/les-fabricants-des-baionnettes-84-98-3e-type-k98\/\" \/>\n<meta property=\"og:locale\" content=\"fr_FR\" \/>\n<meta property=\"og:type\" content=\"article\" \/>\n<meta property=\"og:title\" content=\"liste des-fabricants-des-baionnettes-84-98-3e-type-k98\" \/>\n<meta property=\"og:description\" content=\"page d\u00e9di\u00e9e aux fabricants (nom et diff\u00e9rents codes au cours du temps) des ba\u00efonnettes 84\/98 3\u00e8me type ou K98 de 1934 \u00e0 1945\" \/>\n<meta property=\"og:url\" content=\"https:\/\/mesbaionnettes.com\/index.php\/les-fabricants-des-baionnettes-84-98-3e-type-k98\/\" \/>\n<meta property=\"og:site_name\" content=\"MES BAIONNETTES\" \/>\n<meta property=\"article:publisher\" content=\"https:\/\/www.facebook.com\/profile.php?id=100079080680290\" \/>\n<meta property=\"article:modified_time\" content=\"2025-04-16T08:15:47+00:00\" \/>\n<meta property=\"og:image\" content=\"https:\/\/mesbaionnettes.com\/wp-content\/uploads\/2024\/06\/CCI23062024_0002-1-scaled.jpg\" \/>\n\t<meta property=\"og:image:width\" content=\"1896\" \/>\n\t<meta property=\"og:image:height\" content=\"2560\" \/>\n\t<meta property=\"og:image:type\" content=\"image\/jpeg\" \/>\n<meta name=\"twitter:card\" content=\"summary_large_image\" \/>\n<meta name=\"twitter:label1\" content=\"Dur\u00e9e de lecture estim\u00e9e\" \/>\n\t<meta name=\"twitter:data1\" content=\"2 minutes\" \/>\n<script type=\"application\/ld+json\" class=\"yoast-schema-graph\">{\"@context\":\"https:\\\/\\\/schema.org\",\"@graph\":[{\"@type\":\"WebPage\",\"@id\":\"https:\\\/\\\/mesbaionnettes.com\\\/index.php\\\/les-fabricants-des-baionnettes-84-98-3e-type-k98\\\/\",\"url\":\"https:\\\/\\\/mesbaionnettes.com\\\/index.php\\\/les-fabricants-des-baionnettes-84-98-3e-type-k98\\\/\",\"name\":\"liste des-fabricants-des-baionnettes-84-98-3e-type-k98\",\"isPartOf\":{\"@id\":\"https:\\\/\\\/mesbaionnettes.com\\\/#website\"},\"primaryImageOfPage\":{\"@id\":\"https:\\\/\\\/mesbaionnettes.com\\\/index.php\\\/les-fabricants-des-baionnettes-84-98-3e-type-k98\\\/#primaryimage\"},\"image\":{\"@id\":\"https:\\\/\\\/mesbaionnettes.com\\\/index.php\\\/les-fabricants-des-baionnettes-84-98-3e-type-k98\\\/#primaryimage\"},\"thumbnailUrl\":\"https:\\\/\\\/mesbaionnettes.com\\\/wp-content\\\/uploads\\\/2024\\\/06\\\/CCI23062024_0002-1-scaled.jpg\",\"datePublished\":\"2024-06-23T01:35:42+00:00\",\"dateModified\":\"2025-04-16T08:15:47+00:00\",\"description\":\"page d\u00e9di\u00e9e aux fabricants (nom et diff\u00e9rents codes au cours du temps) des ba\u00efonnettes 84\\\/98 3\u00e8me type ou K98 de 1934 \u00e0 1945\",\"breadcrumb\":{\"@id\":\"https:\\\/\\\/mesbaionnettes.com\\\/index.php\\\/les-fabricants-des-baionnettes-84-98-3e-type-k98\\\/#breadcrumb\"},\"inLanguage\":\"fr-FR\",\"potentialAction\":[{\"@type\":\"ReadAction\",\"target\":[\"https:\\\/\\\/mesbaionnettes.com\\\/index.php\\\/les-fabricants-des-baionnettes-84-98-3e-type-k98\\\/\"]}]},{\"@type\":\"ImageObject\",\"inLanguage\":\"fr-FR\",\"@id\":\"https:\\\/\\\/mesbaionnettes.com\\\/index.php\\\/les-fabricants-des-baionnettes-84-98-3e-type-k98\\\/#primaryimage\",\"url\":\"https:\\\/\\\/mesbaionnettes.com\\\/wp-content\\\/uploads\\\/2024\\\/06\\\/CCI23062024_0002-1-scaled.jpg\",\"contentUrl\":\"https:\\\/\\\/mesbaionnettes.com\\\/wp-content\\\/uploads\\\/2024\\\/06\\\/CCI23062024_0002-1-scaled.jpg\",\"width\":1896,\"height\":2560,\"caption\":\"german K98 bayonet manufacturers\"},{\"@type\":\"BreadcrumbList\",\"@id\":\"https:\\\/\\\/mesbaionnettes.com\\\/index.php\\\/les-fabricants-des-baionnettes-84-98-3e-type-k98\\\/#breadcrumb\",\"itemListElement\":[{\"@type\":\"ListItem\",\"position\":1,\"name\":\"Accueil\",\"item\":\"https:\\\/\\\/mesbaionnettes.com\\\/\"},{\"@type\":\"ListItem\",\"position\":2,\"name\":\"bayonet\"}]},{\"@type\":\"WebSite\",\"@id\":\"https:\\\/\\\/mesbaionnettes.com\\\/#website\",\"url\":\"https:\\\/\\\/mesbaionnettes.com\\\/\",\"name\":\"MES BAIONNETTES\",\"description\":\"ce site pr\u00e9sente une collection de Ba\u00efonnettes allemandes, italiennes et d&#039;autres pays\",\"publisher\":{\"@id\":\"https:\\\/\\\/mesbaionnettes.com\\\/#organization\"},\"alternateName\":\"Ba\u00efonnettes Allemandes, italiennes et d'autrs pays\",\"potentialAction\":[{\"@type\":\"SearchAction\",\"target\":{\"@type\":\"EntryPoint\",\"urlTemplate\":\"https:\\\/\\\/mesbaionnettes.com\\\/?s={search_term_string}\"},\"query-input\":{\"@type\":\"PropertyValueSpecification\",\"valueRequired\":true,\"valueName\":\"search_term_string\"}}],\"inLanguage\":\"fr-FR\"},{\"@type\":\"Organization\",\"@id\":\"https:\\\/\\\/mesbaionnettes.com\\\/#organization\",\"name\":\"Ba\u00efonnettes Allemandes, italiennes, fran\u00e7aises et autres pays\",\"alternateName\":\"Ba\u00efonnette\",\"url\":\"https:\\\/\\\/mesbaionnettes.com\\\/\",\"logo\":{\"@type\":\"ImageObject\",\"inLanguage\":\"fr-FR\",\"@id\":\"https:\\\/\\\/mesbaionnettes.com\\\/#\\\/schema\\\/logo\\\/image\\\/\",\"url\":\"https:\\\/\\\/mesbaionnettes.com\\\/wp-content\\\/uploads\\\/2024\\\/02\\\/DSCF6696-scaled.jpg\",\"contentUrl\":\"https:\\\/\\\/mesbaionnettes.com\\\/wp-content\\\/uploads\\\/2024\\\/02\\\/DSCF6696-scaled.jpg\",\"width\":2560,\"height\":1250,\"caption\":\"Ba\u00efonnettes Allemandes, italiennes, fran\u00e7aises et autres pays\"},\"image\":{\"@id\":\"https:\\\/\\\/mesbaionnettes.com\\\/#\\\/schema\\\/logo\\\/image\\\/\"},\"sameAs\":[\"https:\\\/\\\/www.facebook.com\\\/profile.php?id=100079080680290\"]}]}<\/script>\n<!-- \/ Yoast SEO plugin. -->","yoast_head_json":{"title":"liste des-fabricants-des-baionnettes-84-98-3e-type-k98","description":"page d\u00e9di\u00e9e aux fabricants (nom et diff\u00e9rents codes au cours du temps) des ba\u00efonnettes 84\/98 3\u00e8me type ou K98 de 1934 \u00e0 1945","robots":{"index":"index","follow":"follow","max-snippet":"max-snippet:-1","max-image-preview":"max-image-preview:large","max-video-preview":"max-video-preview:-1"},"canonical":"https:\/\/mesbaionnettes.com\/index.php\/les-fabricants-des-baionnettes-84-98-3e-type-k98\/","og_locale":"fr_FR","og_type":"article","og_title":"liste des-fabricants-des-baionnettes-84-98-3e-type-k98","og_description":"page d\u00e9di\u00e9e aux fabricants (nom et diff\u00e9rents codes au cours du temps) des ba\u00efonnettes 84\/98 3\u00e8me type ou K98 de 1934 \u00e0 1945","og_url":"https:\/\/mesbaionnettes.com\/index.php\/les-fabricants-des-baionnettes-84-98-3e-type-k98\/","og_site_name":"MES BAIONNETTES","article_publisher":"https:\/\/www.facebook.com\/profile.php?id=100079080680290","article_modified_time":"2025-04-16T08:15:47+00:00","og_image":[{"width":1896,"height":2560,"url":"https:\/\/mesbaionnettes.com\/wp-content\/uploads\/2024\/06\/CCI23062024_0002-1-scaled.jpg","type":"image\/jpeg"}],"twitter_card":"summary_large_image","twitter_misc":{"Dur\u00e9e de lecture estim\u00e9e":"2 minutes"},"schema":{"@context":"https:\/\/schema.org","@graph":[{"@type":"WebPage","@id":"https:\/\/mesbaionnettes.com\/index.php\/les-fabricants-des-baionnettes-84-98-3e-type-k98\/","url":"https:\/\/mesbaionnettes.com\/index.php\/les-fabricants-des-baionnettes-84-98-3e-type-k98\/","name":"liste des-fabricants-des-baionnettes-84-98-3e-type-k98","isPartOf":{"@id":"https:\/\/mesbaionnettes.com\/#website"},"primaryImageOfPage":{"@id":"https:\/\/mesbaionnettes.com\/index.php\/les-fabricants-des-baionnettes-84-98-3e-type-k98\/#primaryimage"},"image":{"@id":"https:\/\/mesbaionnettes.com\/index.php\/les-fabricants-des-baionnettes-84-98-3e-type-k98\/#primaryimage"},"thumbnailUrl":"https:\/\/mesbaionnettes.com\/wp-content\/uploads\/2024\/06\/CCI23062024_0002-1-scaled.jpg","datePublished":"2024-06-23T01:35:42+00:00","dateModified":"2025-04-16T08:15:47+00:00","description":"page d\u00e9di\u00e9e aux fabricants (nom et diff\u00e9rents codes au cours du temps) des ba\u00efonnettes 84\/98 3\u00e8me type ou K98 de 1934 \u00e0 1945","breadcrumb":{"@id":"https:\/\/mesbaionnettes.com\/index.php\/les-fabricants-des-baionnettes-84-98-3e-type-k98\/#breadcrumb"},"inLanguage":"fr-FR","potentialAction":[{"@type":"ReadAction","target":["https:\/\/mesbaionnettes.com\/index.php\/les-fabricants-des-baionnettes-84-98-3e-type-k98\/"]}]},{"@type":"ImageObject","inLanguage":"fr-FR","@id":"https:\/\/mesbaionnettes.com\/index.php\/les-fabricants-des-baionnettes-84-98-3e-type-k98\/#primaryimage","url":"https:\/\/mesbaionnettes.com\/wp-content\/uploads\/2024\/06\/CCI23062024_0002-1-scaled.jpg","contentUrl":"https:\/\/mesbaionnettes.com\/wp-content\/uploads\/2024\/06\/CCI23062024_0002-1-scaled.jpg","width":1896,"height":2560,"caption":"german K98 bayonet manufacturers"},{"@type":"BreadcrumbList","@id":"https:\/\/mesbaionnettes.com\/index.php\/les-fabricants-des-baionnettes-84-98-3e-type-k98\/#breadcrumb","itemListElement":[{"@type":"ListItem","position":1,"name":"Accueil","item":"https:\/\/mesbaionnettes.com\/"},{"@type":"ListItem","position":2,"name":"bayonet"}]},{"@type":"WebSite","@id":"https:\/\/mesbaionnettes.com\/#website","url":"https:\/\/mesbaionnettes.com\/","name":"MES BAIONNETTES","description":"ce site pr\u00e9sente une collection de Ba\u00efonnettes allemandes, italiennes et d&#039;autres pays","publisher":{"@id":"https:\/\/mesbaionnettes.com\/#organization"},"alternateName":"Ba\u00efonnettes Allemandes, italiennes et d'autrs pays","potentialAction":[{"@type":"SearchAction","target":{"@type":"EntryPoint","urlTemplate":"https:\/\/mesbaionnettes.com\/?s={search_term_string}"},"query-input":{"@type":"PropertyValueSpecification","valueRequired":true,"valueName":"search_term_string"}}],"inLanguage":"fr-FR"},{"@type":"Organization","@id":"https:\/\/mesbaionnettes.com\/#organization","name":"Ba\u00efonnettes Allemandes, italiennes, fran\u00e7aises et autres pays","alternateName":"Ba\u00efonnette","url":"https:\/\/mesbaionnettes.com\/","logo":{"@type":"ImageObject","inLanguage":"fr-FR","@id":"https:\/\/mesbaionnettes.com\/#\/schema\/logo\/image\/","url":"https:\/\/mesbaionnettes.com\/wp-content\/uploads\/2024\/02\/DSCF6696-scaled.jpg","contentUrl":"https:\/\/mesbaionnettes.com\/wp-content\/uploads\/2024\/02\/DSCF6696-scaled.jpg","width":2560,"height":1250,"caption":"Ba\u00efonnettes Allemandes, italiennes, fran\u00e7aises et autres pays"},"image":{"@id":"https:\/\/mesbaionnettes.com\/#\/schema\/logo\/image\/"},"sameAs":["https:\/\/www.facebook.com\/profile.php?id=100079080680290"]}]}},"_links":{"self":[{"href":"https:\/\/mesbaionnettes.com\/index.php\/wp-json\/wp\/v2\/pages\/4652","targetHints":{"allow":["GET"]}}],"collection":[{"href":"https:\/\/mesbaionnettes.com\/index.php\/wp-json\/wp\/v2\/pages"}],"about":[{"href":"https:\/\/mesbaionnettes.com\/index.php\/wp-json\/wp\/v2\/types\/page"}],"author":[{"embeddable":true,"href":"https:\/\/mesbaionnettes.com\/index.php\/wp-json\/wp\/v2\/users\/1"}],"replies":[{"embeddable":true,"href":"https:\/\/mesbaionnettes.com\/index.php\/wp-json\/wp\/v2\/comments?post=4652"}],"version-history":[{"count":5,"href":"https:\/\/mesbaionnettes.com\/index.php\/wp-json\/wp\/v2\/pages\/4652\/revisions"}],"predecessor-version":[{"id":4680,"href":"https:\/\/mesbaionnettes.com\/index.php\/wp-json\/wp\/v2\/pages\/4652\/revisions\/4680"}],"wp:attachment":[{"href":"https:\/\/mesbaionnettes.com\/index.php\/wp-json\/wp\/v2\/media?parent=4652"}],"curies":[{"name":"wp","href":"https:\/\/api.w.org\/{rel}","templated":true}]}}